{"id":2,"date":"2025-06-26T15:08:52","date_gmt":"2025-06-26T15:08:52","guid":{"rendered":"https:\/\/www.passshots.com\/?page_id=2"},"modified":"2025-10-08T10:31:18","modified_gmt":"2025-10-08T08:31:18","slug":"home","status":"publish","type":"page","link":"https:\/\/www.passshots.com\/de\/","title":{"rendered":"Home"},"content":{"rendered":"<div class=\"wp-block-uagb-advanced-heading uagb-block-f85a3c8f\" id=\"0-passshotscom-%E2%80%93-your-adventure-captured-forever\"><h1 class=\"uagb-heading-text\">PassShots.com \u2013 Dein Abenteuer, f\u00fcr immer festgehalten.<\/h1><\/div>\n\n\n\n<p class=\"has-text-align-center wp-block-paragraph\">Willkommen bei <strong><mark style=\"background-color:rgba(0, 0, 0, 0)\" class=\"has-inline-color has-vivid-red-color\">Pass<\/mark>Shots.com<\/strong>, die baldige Heimat atemberaubender Actionaufnahmen von Motorradfahrern, die die legend\u00e4ren Alpenp\u00e4sse der Schweiz bezwingen. Wir arbeiten derzeit daran, eine Plattform zu erstellen, auf der Sie Ihre Fahrt noch einmal erleben und beeindruckende Fotos finden k\u00f6nnen, die Sie an Ihr Abenteuer erinnern.<\/p>\n\n\n\n<p class=\"has-text-align-center wp-block-paragraph\">Unsere Seite befindet sich derzeit im Aufbau, aber die Berge rufen und wir werden bald starten. Bleib dran, deine n\u00e4chste gro\u00dfartige Erinnerung ist schon zum Greifen nah!<\/p>\n\n\n\n<div class=\"wp-block-uagb-inline-notice uagb-inline_notice__align-center uagb-block-a463932b\"><button class=\"uagb-notice-close-button\" type=\"button\" aria-label=\"Close\"><\/button><h4 class=\"uagb-notice-title\"><strong>Wichtiger Hinweis<\/strong><\/h4><div class=\"uagb-notice-text\">\n<p class=\"wp-block-paragraph\">Vielen Dank f\u00fcr Ihren Besuch auf unserer Website. Da die Saison 2025 vorbei ist, bereiten wir uns auf den Start in <strong>2026<\/strong>. Wir sehen uns auf der Stra\u00dfe!<\/p>\n<\/div><\/div>\n\n\n<div class=\"divider\"><\/div><div class=\"margin10\"><\/div>\n\n\n\n<div class=\"wp-block-uagb-container uagb-layout-flex uagb-block-e3c91a6f alignfull uagb-is-root-container\">\n<div class=\"wp-block-uagb-container uagb-block-e8f2bad2\">\n<div data-aos= \"zoom-in\" data-aos-duration=\"400\" data-aos-delay=\"0\" data-aos-easing=\"ease\" data-aos-once=\"true\" class=\"wp-block-uagb-info-box uagb-block-dc5850ed uagb-infobox__content-wrap  uagb-infobox-icon-above-title uagb-infobox-image-valign-top\"><div class=\"uagb-ifb-content\"><div class=\"uagb-ifb-icon-wrap\"><svg xmlns=\"https:\/\/www.w3.org\/2000\/svg\" viewbox=\"0 0 512 512\"><path d=\"M194.6 32H317.4C338.1 32 356.4 45.22 362.9 64.82L373.3 96H448C483.3 96 512 124.7 512 160V416C512 451.3 483.3 480 448 480H64C28.65 480 0 451.3 0 416V160C0 124.7 28.65 96 64 96H138.7L149.1 64.82C155.6 45.22 173.9 32 194.6 32H194.6zM256 384C309 384 352 341 352 288C352 234.1 309 192 256 192C202.1 192 160 234.1 160 288C160 341 202.1 384 256 384z\"><\/path><\/svg><\/div><div class=\"uagb-ifb-title-wrap\"><h3 class=\"uagb-ifb-title\">Hol dir dein <mark style=\"background-color:rgba(0, 0, 0, 0)\" class=\"has-inline-color has-vivid-red-color\">Pass<\/mark>Shot<br><\/h3><\/div><p class=\"uagb-ifb-desc\">Finde ein Datum in unserem Kalender, um zu sehen, auf welchem Pass wir Fotos machen. Halte Ausschau nach unserem Fotografen mit dem PassShot.com-Banner.<\/p><\/div><\/div>\n\n\n<div class=\"wp-block-ub-divider ub_divider ub-divider-orientation-horizontal\" id=\"ub_divider_c9dcf215-6669-43ec-936f-eda9dc3d331a\"><div class=\"ub_divider_wrapper\" style=\"position: relative; margin-bottom: 2px; width: 100%; height: 2px; \" data-divider-alignment=\"center\"><div class=\"ub_divider_line\" style=\"border-top: 1px solid #ccc; margin-top: 2px; \"><\/div><\/div><\/div>\n\n\n<div class=\"wp-block-uagb-buttons uagb-buttons__outer-wrap uagb-btn__default-btn uagb-btn-tablet__default-btn uagb-btn-mobile__default-btn uagb-block-d7b3118f\"><div class=\"uagb-buttons__wrap uagb-buttons-layout-wrap\">\n<div class=\"wp-block-uagb-buttons-child uagb-buttons__outer-wrap uagb-block-54265581 wp-block-button\"><div class=\"uagb-button__wrapper\"><a class=\"uagb-buttons-repeater wp-block-button__link\" aria-label=\"\" href=\"\/de\/calendar\/\" rel=\"follow noopener\" target=\"_self\" role=\"button\"><div class=\"uagb-button__link\">Termine pr\u00fcfen<\/div><span class=\"uagb-button__icon uagb-button__icon-position-after\"><svg xmlns=\"https:\/\/www.w3.org\/2000\/svg\" viewbox=\"0 0 448 512\" aria-hidden=\"true\" focussable=\"false\"><path d=\"M438.6 278.6l-160 160C272.4 444.9 264.2 448 256 448s-16.38-3.125-22.62-9.375c-12.5-12.5-12.5-32.75 0-45.25L338.8 288H32C14.33 288 .0016 273.7 .0016 256S14.33 224 32 224h306.8l-105.4-105.4c-12.5-12.5-12.5-32.75 0-45.25s32.75-12.5 45.25 0l160 160C451.1 245.9 451.1 266.1 438.6 278.6z\"><\/path><\/svg><\/span><\/a><\/div><\/div>\n<\/div><\/div>\n<\/div>\n\n\n\n<div class=\"wp-block-uagb-container uagb-block-a6355666\">\n<div data-aos= \"zoom-in\" data-aos-duration=\"400\" data-aos-delay=\"0\" data-aos-easing=\"ease\" data-aos-once=\"true\" class=\"wp-block-uagb-info-box uagb-block-e51d50a5 uagb-infobox__content-wrap  uagb-infobox-icon-above-title uagb-infobox-image-valign-top\"><div class=\"uagb-ifb-content\"><div class=\"uagb-ifb-icon-wrap\"><svg xmlns=\"https:\/\/www.w3.org\/2000\/svg\" viewbox=\"0 0 460 512\"><path d=\"M220.6 130.3l-67.2 28.2V43.2L98.7 233.5l54.7-24.2v130.3l67.2-209.3zm-83.2-96.7l-1.3 4.7-15.2 52.9C80.6 106.7 52 145.8 52 191.5c0 52.3 34.3 95.9 83.4 105.5v53.6C57.5 340.1 0 272.4 0 191.6c0-80.5 59.8-147.2 137.4-158zm311.4 447.2c-11.2 11.2-23.1 12.3-28.6 10.5-5.4-1.8-27.1-19.9-60.4-44.4-33.3-24.6-33.6-35.7-43-56.7-9.4-20.9-30.4-42.6-57.5-52.4l-9.7-14.7c-24.7 16.9-53 26.9-81.3 28.7l2.1-6.6 15.9-49.5c46.5-11.9 80.9-54 80.9-104.2 0-54.5-38.4-102.1-96-107.1V32.3C254.4 37.4 320 106.8 320 191.6c0 33.6-11.2 64.7-29 90.4l14.6 9.6c9.8 27.1 31.5 48 52.4 57.4s32.2 9.7 56.8 43c24.6 33.2 42.7 54.9 44.5 60.3s.7 17.3-10.5 28.5zm-9.9-17.9c0-4.4-3.6-8-8-8s-8 3.6-8 8 3.6 8 8 8 8-3.6 8-8z\"><\/path><\/svg><\/div><div class=\"uagb-ifb-title-wrap\"><h3 class=\"uagb-ifb-title\">Finde dein <mark style=\"background-color:rgba(0, 0, 0, 0)\" class=\"has-inline-color has-vivid-red-color\">Pass<\/mark>Shot<\/h3><\/div><p class=\"uagb-ifb-desc\">W\u00e4hle das Datum deiner Passfahrt und entdecke deine Fotos. Alle Bilder kannst du in niedriger Aufl\u00f6sung mit Wasserzeichen ansehen und herunterladen.<\/p><\/div><\/div>\n\n\n<div class=\"wp-block-ub-divider ub_divider ub-divider-orientation-horizontal\" id=\"ub_divider_44467ccf-927a-490f-ac63-06cd2ac8690a\"><div class=\"ub_divider_wrapper\" style=\"position: relative; margin-bottom: 2px; width: 100%; height: 2px; \" data-divider-alignment=\"center\"><div class=\"ub_divider_line\" style=\"border-top: 1px solid #ccc; margin-top: 2px; \"><\/div><\/div><\/div>\n\n\n<div class=\"wp-block-uagb-buttons uagb-buttons__outer-wrap uagb-btn__default-btn uagb-btn-tablet__default-btn uagb-btn-mobile__default-btn uagb-block-bd04ce81\"><div class=\"uagb-buttons__wrap uagb-buttons-layout-wrap\">\n<div class=\"wp-block-uagb-buttons-child uagb-buttons__outer-wrap uagb-block-4705a679 wp-block-button\"><div class=\"uagb-button__wrapper\"><a class=\"uagb-buttons-repeater wp-block-button__link\" aria-label=\"\" href=\"\/de\/galleries\/\" rel=\"follow noopener\" target=\"_self\" role=\"button\"><div class=\"uagb-button__link\">Galerie durchsuchen<\/div><span class=\"uagb-button__icon uagb-button__icon-position-after\"><svg xmlns=\"https:\/\/www.w3.org\/2000\/svg\" viewbox=\"0 0 448 512\" aria-hidden=\"true\" focussable=\"false\"><path d=\"M438.6 278.6l-160 160C272.4 444.9 264.2 448 256 448s-16.38-3.125-22.62-9.375c-12.5-12.5-12.5-32.75 0-45.25L338.8 288H32C14.33 288 .0016 273.7 .0016 256S14.33 224 32 224h306.8l-105.4-105.4c-12.5-12.5-12.5-32.75 0-45.25s32.75-12.5 45.25 0l160 160C451.1 245.9 451.1 266.1 438.6 278.6z\"><\/path><\/svg><\/span><\/a><\/div><\/div>\n<\/div><\/div>\n<\/div>\n\n\n\n<div class=\"wp-block-uagb-container uagb-block-77465ae0\">\n<div data-aos= \"zoom-in\" data-aos-duration=\"400\" data-aos-delay=\"0\" data-aos-easing=\"ease\" data-aos-once=\"true\" class=\"wp-block-uagb-info-box uagb-block-5f145bcd uagb-infobox__content-wrap  uagb-infobox-icon-above-title uagb-infobox-image-valign-top\"><div class=\"uagb-ifb-content\"><div class=\"uagb-ifb-icon-wrap\"><svg xmlns=\"https:\/\/www.w3.org\/2000\/svg\" viewbox=\"0 0 576 512\"><path d=\"M96 0C107.5 0 117.4 8.19 119.6 19.51L121.1 32H541.8C562.1 32 578.3 52.25 572.6 72.66L518.6 264.7C514.7 278.5 502.1 288 487.8 288H170.7L179.9 336H488C501.3 336 512 346.7 512 360C512 373.3 501.3 384 488 384H159.1C148.5 384 138.6 375.8 136.4 364.5L76.14 48H24C10.75 48 0 37.25 0 24C0 10.75 10.75 0 24 0H96zM128 464C128 437.5 149.5 416 176 416C202.5 416 224 437.5 224 464C224 490.5 202.5 512 176 512C149.5 512 128 490.5 128 464zM512 464C512 490.5 490.5 512 464 512C437.5 512 416 490.5 416 464C416 437.5 437.5 416 464 416C490.5 416 512 437.5 512 464z\"><\/path><\/svg><\/div><div class=\"uagb-ifb-title-wrap\"><h3 class=\"uagb-ifb-title\">Bestelle dein <mark style=\"background-color:rgba(0, 0, 0, 0)\" class=\"has-inline-color has-vivid-red-color\">Pass<\/mark>Shot<\/h3><\/div><p class=\"uagb-ifb-desc\">Gef\u00e4llt dir dein Bild und m\u00f6chtest du es in hoher Aufl\u00f6sung ohne Wasserzeichen? Dann lege es unbedingt in deinen Warenkorb und schlie\u00dfe den Kauf ab. Perfekt zum Vorzeigen oder Ausdrucken!<\/p><\/div><\/div>\n\n\n<div class=\"wp-block-ub-divider ub_divider ub-divider-orientation-horizontal\" id=\"ub_divider_994a5996-5b70-4e33-930b-ce87c3184f04\"><div class=\"ub_divider_wrapper\" style=\"position: relative; margin-bottom: 2px; width: 100%; height: 2px; \" data-divider-alignment=\"center\"><div class=\"ub_divider_line\" style=\"border-top: 1px solid #ccc; margin-top: 2px; \"><\/div><\/div><\/div>\n\n\n<div class=\"wp-block-uagb-buttons uagb-buttons__outer-wrap uagb-btn__default-btn uagb-btn-tablet__default-btn uagb-btn-mobile__default-btn uagb-block-5af51950\"><div class=\"uagb-buttons__wrap uagb-buttons-layout-wrap\">\n<div class=\"wp-block-uagb-buttons-child uagb-buttons__outer-wrap uagb-block-1db2669c wp-block-button\"><div class=\"uagb-button__wrapper\"><a class=\"uagb-buttons-repeater wp-block-button__link\" aria-label=\"\" href=\"\/de\/galleries\/\" rel=\"follow noopener\" target=\"_self\" role=\"button\"><div class=\"uagb-button__link\">Galerie durchsuchen<\/div><span class=\"uagb-button__icon uagb-button__icon-position-after\"><svg xmlns=\"https:\/\/www.w3.org\/2000\/svg\" viewbox=\"0 0 448 512\" aria-hidden=\"true\" focussable=\"false\"><path d=\"M438.6 278.6l-160 160C272.4 444.9 264.2 448 256 448s-16.38-3.125-22.62-9.375c-12.5-12.5-12.5-32.75 0-45.25L338.8 288H32C14.33 288 .0016 273.7 .0016 256S14.33 224 32 224h306.8l-105.4-105.4c-12.5-12.5-12.5-32.75 0-45.25s32.75-12.5 45.25 0l160 160C451.1 245.9 451.1 266.1 438.6 278.6z\"><\/path><\/svg><\/span><\/a><\/div><\/div>\n<\/div><\/div>\n<\/div>\n<\/div>\n\n\n<div class=\"divider\"><\/div><div class=\"margin10\"><\/div>\n\n\n<div style=\"background-color: #f8f8f8; border-width: 2px; border-color: #ECECEC; \" class=\"ub_call_to_action wp-block-ub-call-to-action-block\" id=\"ub_call_to_action_1bdf4b08-bf5b-46c4-bf0c-57c32718b8c3\">\n\t\t\t<div class=\"ub_call_to_action_headline\">\n\t\t\t\t<p class=\"ub_call_to_action_headline_text\" style=\"font-size: 30px; text-align: center; \">Treffen Sie uns auf den P\u00e4ssen<\/p>\n\t\t\t<\/div>\n\t\t\t<div class=\"ub_call_to_action_content\">\n\t\t\t\t<p class=\"ub_cta_content_text\" style=\"font-size: 15px; text-align: center; \">Sehen Sie sich unseren Kalender f\u00fcr die kommenden Fototage an und finden Sie heraus, wo Sie PassShots in Aktion sehen k\u00f6nnen.<\/p>\n\t\t\t<\/div>\n\t\t\t<div class=\"ub_call_to_action_button\">\n\t\t\t\t<a href=\"https:\/\/www.passshots.com\/de\/calendar\/\" target=\"_self\" rel=\"noopener noreferrer\" class=\"ub_cta_button\" style=\"background-color: #000000; width: 250px; \">\n\t\t\t\t\t<p class=\"ub_cta_button_text\" style=\"color: #ffffff; font-size: 14px; \">View calendar<\/p>\n\t\t\t\t<\/a>\n\t\t\t<\/div>\n\t\t<\/div>\n\n<div class=\"divider\"><\/div><div class=\"margin10\"><\/div>\n\n\n\n<div class=\"wp-block-uagb-container uagb-block-023274b4 alignfull uagb-is-root-container\"><div class=\"uagb-container-inner-blocks-wrap\">\n<div class=\"wp-block-uagb-container uagb-block-ff5e17a6\">\n<h2 class=\"wp-block-heading has-text-align-center\" id=\"1-subscribe-to-the-pass-shots-newsletter-\"><strong>Abonnierst du dich auf den <mark style=\"background-color:rgba(0, 0, 0, 0)\" class=\"has-inline-color has-vivid-red-color\">Pass<\/mark>Shots Newsletter<\/strong><\/h2>\n\n\n\n<p class=\"has-text-align-center wp-block-paragraph\">Trag einfach deinen Namen und deine E-Mail ein, um die neuesten Infos zu neuen Galerien und unserem Kalender direkt ins Postfach zu bekommen.<\/p>\n\n\n<div style=\"--ub-icon-rotation:rotate(0deg);--ub-icon-size:40px;--ub-icon-justification:center;--ub-icon-border-top:  undefined;--ub-icon-border-right:  undefined;--ub-icon-border-bottom:  undefined;--ub-icon-border-left:  undefined\" class=\"wp-block-ub-icon\" id=\"ub-icon-\"><div class=\"ub_icon\"><div class=\"ub_icon_wrapper\"><svg xmlns=\"http:\/\/www.w3.org\/2000\/svg\" viewbox=\"0 0 24 24\" aria-hidden=\"true\"><path d=\"M20,4H4C2.895,4,2,4.895,2,6v12c0,1.105,0.895,2,2,2h16c1.105,0,2-0.895,2-2V6C22,4.895,21.105,4,20,4z M20,8.236l-8,4.882 L4,8.236V6h16V8.236z\"><\/path><\/svg><\/div><\/div><\/div>\n\n\n\n<p class=\"has-text-align-center wp-block-paragraph\"><sub>Du bekommst eine Best\u00e4tigungsmail \u2013 schau auch im Spam-Ordner nach!<\/sub><\/p>\n<\/div>\n\n\n\n<div class=\"wp-block-uagb-container uagb-block-e7ae816d\"><script>(function() {\n\twindow.mc4wp = window.mc4wp || {\n\t\tlisteners: [],\n\t\tforms: {\n\t\t\ton: function(evt, cb) {\n\t\t\t\twindow.mc4wp.listeners.push(\n\t\t\t\t\t{\n\t\t\t\t\t\tevent   : evt,\n\t\t\t\t\t\tcallback: cb\n\t\t\t\t\t}\n\t\t\t\t);\n\t\t\t}\n\t\t}\n\t}\n})();\n<\/script><!-- Mailchimp for WordPress v4.12.1 - https:\/\/wordpress.org\/plugins\/mailchimp-for-wp\/ --><form id=\"mc4wp-form-1\" class=\"mc4wp-form mc4wp-form-172 mc4wp-form-basic\" method=\"post\" data-id=\"172\" data-name=\"Subscribe\" action=\"\" ><div class=\"mc4wp-form-fields\"><p>\r\n    <label>Vorname<\/label>\r\n    <input type=\"text\" name=\"FNAME\" placeholder=\"Vorname\">\r\n<\/p>\r\n<p>\r\n    <label>Nachname<\/label>\r\n    <input type=\"text\" name=\"LNAME\" placeholder=\"Nachname\">\r\n<\/p>\r\n\r\n<p>\r\n\t<label for=\"email\">E-Mail-Adresse \r\n\t\t<input type=\"email\" id=\"email\" name=\"EMAIL\" placeholder=\"Deine E-Mail-Adresse\" required>\r\n\t<\/label>\r\n<\/p>\r\n\r\n<p>\r\n\t<input type=\"submit\" value=\"Anmelden\">\r\n<\/p><\/div><label style=\"display: none !important;\">Wenn du ein Mensch bist, lasse das Feld leer: <input type=\"text\" name=\"_mc4wp_honeypot\" value=\"\" tabindex=\"-1\" autocomplete=\"off\" \/><\/label><input type=\"hidden\" name=\"_mc4wp_timestamp\" value=\"1776386207\" \/><input type=\"hidden\" name=\"_mc4wp_form_id\" value=\"172\" \/><input type=\"hidden\" name=\"_mc4wp_form_element_id\" value=\"mc4wp-form-1\" \/><div class=\"mc4wp-response\"><\/div><input type=\"hidden\" name=\"trp-form-language\" value=\"de\"\/><\/form><!-- \/ Mailchimp for WordPress Plugin -->\n<\/div>\n<\/div><\/div>\n\n\n\n<div style=\"height:48px\" aria-hidden=\"true\" class=\"wp-block-spacer\"><\/div>\n\n\n\n<p class=\"has-text-align-center has-small-font-size wp-block-paragraph\"><sup>Hinweis: Die Bilder im Slider sind KI-generiert und dienen nur zur optischen Darstellung. Echte Fahrerfotos werden in K\u00fcrze hinzugef\u00fcgt.<\/sup><\/p>","protected":false},"excerpt":{"rendered":"<p>PassShots.com \u2013 Your Adventure, Captured Forever Welcome to PassShots.com, the soon-to-be home for breathtaking action shots of motorcyclists conquering the legendary Alpine passes in Switzerland. We\u2019re busy building a platform where you\u2019ll be able to relive your ride and find stunning photos to remember your adventure by. Our site is currently under construction, but the<\/p>\n<p class=\"more-link\"><a href=\"https:\/\/www.passshots.com\/de\/\" class=\"themebutton2\">Weiterlesen<\/a><\/p>","protected":false},"author":1,"featured_media":0,"parent":0,"menu_order":0,"comment_status":"closed","ping_status":"closed","template":"","meta":{"_crdt_document":"","_uag_custom_page_level_css":"","footnotes":""},"categories":[],"tags":[],"class_list":["post-2","page","type-page","status-publish","hentry"],"featured_image_src":null,"yoast_head":"<!-- This site is optimized with the Yoast SEO plugin v27.4 - https:\/\/yoast.com\/product\/yoast-seo-wordpress\/ -->\n<title>Home - PassShots.com<\/title>\n<meta name=\"robots\" content=\"index, follow, max-snippet:-1, max-image-preview:large, max-video-preview:-1\" \/>\n<link rel=\"canonical\" href=\"https:\/\/www.passshots.com\/de\/\" \/>\n<meta property=\"og:locale\" content=\"de_DE\" \/>\n<meta property=\"og:type\" content=\"article\" \/>\n<meta property=\"og:title\" content=\"Home - PassShots.com\" \/>\n<meta property=\"og:description\" content=\"PassShots.com \u2013 Your Adventure, Captured Forever Welcome to PassShots.com, the soon-to-be home for breathtaking action shots of motorcyclists conquering the legendary Alpine passes in Switzerland. We\u2019re busy building a platform where you\u2019ll be able to relive your ride and find stunning photos to remember your adventure by. Our site is currently under construction, but theRead More\" \/>\n<meta property=\"og:url\" content=\"https:\/\/www.passshots.com\/de\/\" \/>\n<meta property=\"og:site_name\" content=\"PassShots.com\" \/>\n<meta property=\"article:publisher\" content=\"https:\/\/www.facebook.com\/PassShotsCom\/\" \/>\n<meta property=\"article:modified_time\" content=\"2025-10-08T08:31:18+00:00\" \/>\n<meta name=\"twitter:card\" content=\"summary_large_image\" \/>\n<meta name=\"twitter:label1\" content=\"Gesch\u00e4tzte Lesezeit\" \/>\n\t<meta name=\"twitter:data1\" content=\"2\u00a0Minuten\" \/>\n<script type=\"application\/ld+json\" class=\"yoast-schema-graph\">{\"@context\":\"https:\\\/\\\/schema.org\",\"@graph\":[{\"@type\":\"WebPage\",\"@id\":\"https:\\\/\\\/www.passshots.com\\\/\",\"url\":\"https:\\\/\\\/www.passshots.com\\\/\",\"name\":\"Home - PassShots.com\",\"isPartOf\":{\"@id\":\"https:\\\/\\\/www.passshots.com\\\/#website\"},\"datePublished\":\"2025-06-26T15:08:52+00:00\",\"dateModified\":\"2025-10-08T08:31:18+00:00\",\"breadcrumb\":{\"@id\":\"https:\\\/\\\/www.passshots.com\\\/#breadcrumb\"},\"inLanguage\":\"de\",\"potentialAction\":[{\"@type\":\"ReadAction\",\"target\":[\"https:\\\/\\\/www.passshots.com\\\/\"]}]},{\"@type\":\"BreadcrumbList\",\"@id\":\"https:\\\/\\\/www.passshots.com\\\/#breadcrumb\",\"itemListElement\":[{\"@type\":\"ListItem\",\"position\":1,\"name\":\"Home\",\"item\":\"https:\\\/\\\/www.passshots.com\\\/\"},{\"@type\":\"ListItem\",\"position\":2,\"name\":\"Home\"}]},{\"@type\":\"WebSite\",\"@id\":\"https:\\\/\\\/www.passshots.com\\\/#website\",\"url\":\"https:\\\/\\\/www.passshots.com\\\/\",\"name\":\"PassShots.com\",\"description\":\"Your Adventure, Captured Forever\",\"publisher\":{\"@id\":\"https:\\\/\\\/www.passshots.com\\\/#organization\"},\"potentialAction\":[{\"@type\":\"SearchAction\",\"target\":{\"@type\":\"EntryPoint\",\"urlTemplate\":\"https:\\\/\\\/www.passshots.com\\\/?s={search_term_string}\"},\"query-input\":{\"@type\":\"PropertyValueSpecification\",\"valueRequired\":true,\"valueName\":\"search_term_string\"}}],\"inLanguage\":\"de\"},{\"@type\":\"Organization\",\"@id\":\"https:\\\/\\\/www.passshots.com\\\/#organization\",\"name\":\"PassShots.com\",\"url\":\"https:\\\/\\\/www.passshots.com\\\/\",\"logo\":{\"@type\":\"ImageObject\",\"inLanguage\":\"de\",\"@id\":\"https:\\\/\\\/www.passshots.com\\\/#\\\/schema\\\/logo\\\/image\\\/\",\"url\":\"https:\\\/\\\/www.passshots.com\\\/wp-content\\\/uploads\\\/2025\\\/06\\\/cropped-PassShots-logo-alt-white.png\",\"contentUrl\":\"https:\\\/\\\/www.passshots.com\\\/wp-content\\\/uploads\\\/2025\\\/06\\\/cropped-PassShots-logo-alt-white.png\",\"width\":1458,\"height\":770,\"caption\":\"PassShots.com\"},\"image\":{\"@id\":\"https:\\\/\\\/www.passshots.com\\\/#\\\/schema\\\/logo\\\/image\\\/\"},\"sameAs\":[\"https:\\\/\\\/www.facebook.com\\\/PassShotsCom\\\/\",\"https:\\\/\\\/www.instagram.com\\\/PassShots\"]}]}<\/script>\n<!-- \/ Yoast SEO plugin. -->","yoast_head_json":{"title":"Home - PassShots.com","robots":{"index":"index","follow":"follow","max-snippet":"max-snippet:-1","max-image-preview":"max-image-preview:large","max-video-preview":"max-video-preview:-1"},"canonical":"https:\/\/www.passshots.com\/de\/","og_locale":"de_DE","og_type":"article","og_title":"Home - PassShots.com","og_description":"PassShots.com \u2013 Your Adventure, Captured Forever Welcome to PassShots.com, the soon-to-be home for breathtaking action shots of motorcyclists conquering the legendary Alpine passes in Switzerland. We\u2019re busy building a platform where you\u2019ll be able to relive your ride and find stunning photos to remember your adventure by. Our site is currently under construction, but theRead More","og_url":"https:\/\/www.passshots.com\/de\/","og_site_name":"PassShots.com","article_publisher":"https:\/\/www.facebook.com\/PassShotsCom\/","article_modified_time":"2025-10-08T08:31:18+00:00","twitter_card":"summary_large_image","twitter_misc":{"Gesch\u00e4tzte Lesezeit":"2\u00a0Minuten"},"schema":{"@context":"https:\/\/schema.org","@graph":[{"@type":"WebPage","@id":"https:\/\/www.passshots.com\/","url":"https:\/\/www.passshots.com\/","name":"Home - PassShots.com","isPartOf":{"@id":"https:\/\/www.passshots.com\/#website"},"datePublished":"2025-06-26T15:08:52+00:00","dateModified":"2025-10-08T08:31:18+00:00","breadcrumb":{"@id":"https:\/\/www.passshots.com\/#breadcrumb"},"inLanguage":"de","potentialAction":[{"@type":"ReadAction","target":["https:\/\/www.passshots.com\/"]}]},{"@type":"BreadcrumbList","@id":"https:\/\/www.passshots.com\/#breadcrumb","itemListElement":[{"@type":"ListItem","position":1,"name":"Home","item":"https:\/\/www.passshots.com\/"},{"@type":"ListItem","position":2,"name":"Home"}]},{"@type":"WebSite","@id":"https:\/\/www.passshots.com\/#website","url":"https:\/\/www.passshots.com\/","name":"PassShots.com","description":"Your Adventure, Captured Forever","publisher":{"@id":"https:\/\/www.passshots.com\/#organization"},"potentialAction":[{"@type":"SearchAction","target":{"@type":"EntryPoint","urlTemplate":"https:\/\/www.passshots.com\/?s={search_term_string}"},"query-input":{"@type":"PropertyValueSpecification","valueRequired":true,"valueName":"search_term_string"}}],"inLanguage":"de"},{"@type":"Organization","@id":"https:\/\/www.passshots.com\/#organization","name":"PassShots.com","url":"https:\/\/www.passshots.com\/","logo":{"@type":"ImageObject","inLanguage":"de","@id":"https:\/\/www.passshots.com\/#\/schema\/logo\/image\/","url":"https:\/\/www.passshots.com\/wp-content\/uploads\/2025\/06\/cropped-PassShots-logo-alt-white.png","contentUrl":"https:\/\/www.passshots.com\/wp-content\/uploads\/2025\/06\/cropped-PassShots-logo-alt-white.png","width":1458,"height":770,"caption":"PassShots.com"},"image":{"@id":"https:\/\/www.passshots.com\/#\/schema\/logo\/image\/"},"sameAs":["https:\/\/www.facebook.com\/PassShotsCom\/","https:\/\/www.instagram.com\/PassShots"]}]}},"uagb_featured_image_src":{"full":false,"thumbnail":false,"medium":false,"medium_large":false,"large":false,"1536x1536":false,"2048x2048":false,"trp-custom-language-flag":false,"ect-jetpack-portfolio-featured":false,"ect-featured-content":false,"ect-service":false,"sc-testimonial":false,"column1-1\/2":false,"column1-1\/3":false,"column1-1\/4":false,"column1-2\/5":false,"column2-1\/1":false,"column2-1\/4":false,"column2-1\/2":false,"column2-2\/3":false,"column2-3\/5":false,"column3-1\/1":false,"column3-1\/3":false,"column3-2\/5":false,"column3-2\/3":false,"column3-3\/4":false,"column4-1\/1":false,"column4-2\/3":false,"column4-3\/4":false,"sunshine-thumbnail":false,"sunshine-large":false,"jetpack-portfolio-admin-thumb":false,"featured-content-admin-thumb":false,"service-admin-thumb":false},"uagb_author_info":{"display_name":"PassShots","author_link":"https:\/\/www.passshots.com\/de\/blog\/author\/admin\/"},"uagb_comment_info":0,"uagb_excerpt":"PassShots.com \u2013 Your Adventure, Captured Forever Welcome to PassShots.com, the soon-to-be home for breathtaking action shots of motorcyclists conquering the legendary Alpine passes in Switzerland. We\u2019re busy building a platform where you\u2019ll be able to relive your ride and find stunning photos to remember your adventure by. Our site is currently under construction, but theRead&hellip;","jetpack_sharing_enabled":true,"_links":{"self":[{"href":"https:\/\/www.passshots.com\/de\/wp-json\/wp\/v2\/pages\/2","targetHints":{"allow":["GET"]}}],"collection":[{"href":"https:\/\/www.passshots.com\/de\/wp-json\/wp\/v2\/pages"}],"about":[{"href":"https:\/\/www.passshots.com\/de\/wp-json\/wp\/v2\/types\/page"}],"author":[{"embeddable":true,"href":"https:\/\/www.passshots.com\/de\/wp-json\/wp\/v2\/users\/1"}],"replies":[{"embeddable":true,"href":"https:\/\/www.passshots.com\/de\/wp-json\/wp\/v2\/comments?post=2"}],"version-history":[{"count":73,"href":"https:\/\/www.passshots.com\/de\/wp-json\/wp\/v2\/pages\/2\/revisions"}],"predecessor-version":[{"id":311,"href":"https:\/\/www.passshots.com\/de\/wp-json\/wp\/v2\/pages\/2\/revisions\/311"}],"wp:attachment":[{"href":"https:\/\/www.passshots.com\/de\/wp-json\/wp\/v2\/media?parent=2"}],"wp:term":[{"taxonomy":"category","embeddable":true,"href":"https:\/\/www.passshots.com\/de\/wp-json\/wp\/v2\/categories?post=2"},{"taxonomy":"post_tag","embeddable":true,"href":"https:\/\/www.passshots.com\/de\/wp-json\/wp\/v2\/tags?post=2"}],"curies":[{"name":"wp","href":"https:\/\/api.w.org\/{rel}","templated":true}]}}